{"id":532,"date":"2018-10-05T15:47:22","date_gmt":"2018-10-05T15:47:22","guid":{"rendered":"https:\/\/www.hotelpremieresnations.ca\/forfaits\/mariages\/"},"modified":"2021-01-26T18:31:25","modified_gmt":"2021-01-26T18:31:25","slug":"wedding","status":"publish","type":"page","link":"https:\/\/staging.hotelpremieresnations.ca\/en\/packages-activities\/wedding\/","title":{"rendered":"Wedding"},"content":{"rendered":"<div class=\"fsn-row full-width-row fsn-69e1a6073310f white light\" style=\"background-repeat:repeat;background-position:left top;background-attachment:scroll;background-size:auto;\"><div class=\"container-fluid\"><div class=\"row\"><div class=\"col-sm-6\"><div class=\"fsn-column-inner fsn-69e1a6073318c light\"><div class=\"fsn-text fsn-69e1a607331ca\">\n<ul>\n<li>Museum Terrace<\/li>\n<li>Restaurant Terrace<\/li>\n<li>The Palisades of the Longhouse<\/li>\n<\/ul>\n<\/div><\/div><\/div><div class=\"col-sm-6\"><div class=\"fsn-column-inner fsn-69e1a607331de light\"><div class=\"fsn-text fsn-69e1a607331f2\">\n<ul>\n<li>Huron-Wendat Museum<\/li>\n<li>Wendake Room<\/li>\n<\/ul>\n<\/div><\/div><\/div><\/div><\/div><\/div><div  class=\"fsn-row full-width-container fsn-69e1a60733208 dark seamless\" style=\"background-repeat:repeat;background-position:left top;background-attachment:scroll;background-size:auto;\"><div class=\"row\"><div class=\"col-sm-6\"><div class=\"fsn-column-inner fsn-69e1a6073324d light\"><div class=\"fsn-image fsn-69e1a6073354b align-none\"><img decoding=\"async\" data-src=\"https:\/\/staging.hotelpremieresnations.ca\/gestion\/wp-content\/uploads\/2018\/10\/mariage3-770x375.jpg\" width=\"770\" height=\"375\" alt=\"Room rental, event, wedding, meeting - H\u00f4tel Mus\u00e9e Premi\u00e8res Nations\" class=\"img-responsive img-default lazyload\" src=\"data:image\/svg+xml;base64,PHN2ZyB3aWR0aD0iMSIgaGVpZ2h0PSIxIiB4bWxucz0iaHR0cDovL3d3dy53My5vcmcvMjAwMC9zdmciPjwvc3ZnPg==\" style=\"--smush-placeholder-width: 770px; --smush-placeholder-aspect-ratio: 770\/375;\"><\/div><\/div><\/div><div class=\"col-sm-4 col-sm-offset-1\"><div class=\"fsn-column-inner fsn-69e1a6073356c light\"><div class=\"fsn-text fsn-69e1a60733592\">\n<p>Combined with the expertise of our Chef and the flavors of the Boreal terroir specific to the First Nations, the gastronomic finesse of our table is incomparable.<\/p>\n<p>Our experienced team will be happy to assist you in the planning process of your event, making it a precious and unforgettable memory.<\/p>\n<\/div><\/div><\/div><\/div><\/div><div class=\"fsn-row full-width-row fsn-69e1a607335a9 white light\" style=\"background-repeat:repeat;background-position:left top;background-attachment:scroll;background-size:auto;\"><div class=\"container-fluid\"><div class=\"row\"><div class=\"col-sm-3\"><div class=\"fsn-column-inner fsn-69e1a607335cc light\"><div class=\"fsn-text fsn-69e1a607335dc\">\n<h3>PACKAGE FOR TWO<\/h3>\n<p>A flute of champagne<br \/>\n3 course meal<\/p>\n<\/div><\/div><\/div><div class=\"col-sm-3\"><div class=\"fsn-column-inner fsn-69e1a607335e6 light\"><div class=\"fsn-text fsn-69e1a607335f5\">\n<h3>ENGAGEMENT PACKAGE<\/h3>\n<p>A flute of champagne<br \/>\n4 course meal<br \/>\n\u00bd bottle of wine<\/p>\n<\/div><\/div><\/div><div class=\"col-sm-3\"><div class=\"fsn-column-inner fsn-69e1a607335ff light\"><div class=\"fsn-text fsn-69e1a6073360e\">\n<h3>HAPPINESS PACKAGE<\/h3>\n<p>Kir wendat cocktail<br \/>\n5 course meal<br \/>\n\u00bd bottle of wine<\/p>\n<\/div><\/div><\/div><div class=\"col-sm-3\"><div class=\"fsn-column-inner fsn-69e1a60733617 light\"><div class=\"fsn-text fsn-69e1a60733626\">\n<h3>DOMINICAL PACKAGE<\/h3>\n<p>(not available on holidays)<br \/>\nMimosa cocktail<br \/>\nBrunch served in the restaurant or in a private room<\/p>\n<\/div><\/div><\/div><\/div><\/div><\/div><div class=\"fsn-row full-width-row fsn-69e1a60733633 light\" style=\"background-repeat:repeat;background-position:left top;background-attachment:scroll;background-size:auto;\"><div class=\"container-fluid\"><div class=\"row\"><div class=\"col-sm-12\"><div class=\"fsn-column-inner fsn-69e1a60733649 light\"><div class=\"fsn-text fsn-69e1a60733658\">\n<p style=\"text-align: center;\"><em>*Custom package also available according to your needs. All our packages require a minimum of 50 adults<\/em><em>.<\/em><\/p>\n<\/div><\/div><\/div><\/div><\/div><\/div><div class=\"fsn-row full-width-row fsn-69e1a60733668 white light\" style=\"background-repeat:repeat;background-position:left top;background-attachment:scroll;background-size:auto;\"><div class=\"container-fluid\"><div class=\"row\"><div class=\"col-sm-6\"><div class=\"fsn-column-inner fsn-69e1a60733687 light\"><div class=\"fsn-text fsn-69e1a60733698\">\n<h3>Our distinctions:<\/h3>\n<ul>\n<li>Exceptional location for your pictures<\/li>\n<li>Private room<\/li>\n<li>Possibility of on-site accommodation *<\/li>\n<li>Possibility of offering 3 choices of main meals for no additional cost<\/li>\n<\/ul>\n<\/div><\/div><\/div><div class=\"col-sm-6\"><div class=\"fsn-column-inner fsn-69e1a607336a1 light\"><div class=\"fsn-text fsn-69e1a607336b5\">\n<h3>Les \u00e0-c\u00f4t\u00e9s:<\/h3>\n<ul>\n<li>Champagne Bar<\/li>\n<li>Sweet \u2013 Salty table<\/li>\n<li>Late-night buffet<\/li>\n<li>Sunday Brunch<\/li>\n<li>Museum or longhouse visit<\/li>\n<li>Nation Sant\u00e9-Spa<\/li>\n<li>TRADITIONAL JEWELRY WORKSHOP<\/li>\n<li>Purification ceremony<\/li>\n<\/ul>\n<\/div><\/div><\/div><\/div><\/div><\/div><div class=\"fsn-row full-width-row fsn-69e1a607336c4 light\" style=\"background-repeat:repeat;background-position:left top;background-attachment:scroll;background-size:auto;\"><div class=\"container-fluid\"><div class=\"row\"><div class=\"col-sm-12\"><div class=\"fsn-column-inner fsn-69e1a607336d8 light\"><div class=\"fsn-text fsn-69e1a607336e6\">\n<p style=\"text-align: center;\"><em>*A minimum of reserved rooms may be required on certain dates.<\/em><\/p>\n<\/div><\/div><\/div><\/div><\/div><\/div><div class=\"fsn-row full-width-row fsn-69e1a607336f1 light\" style=\"background-repeat:repeat;background-position:left top;background-attachment:scroll;background-size:auto;\"><div class=\"container-fluid\"><div class=\"row\"><div class=\"col-sm-12\"><div class=\"fsn-column-inner fsn-69e1a60733707 light\"><div class=\"fsn-text fsn-69e1a60733717\">\n<p>Our commitment is to offer you an enchanting setting that you will then tune to the colors of your personality.<\/p>\n<p>Contact us for a creative and customized offer:<br \/>\n<strong>Marie-Andr\u00e9e Boivin<\/strong><br \/>\n(418) 847-0624, ext 2009<br \/>\n<a href=\"maboivin@hotelpremieresnations.ca\">maboivin@hotelpremieresnations.ca<\/a><\/p>\n<\/div><\/div><\/div><\/div><\/div><\/div>\n","protected":false},"excerpt":{"rendered":"","protected":false},"author":1,"featured_media":765,"parent":484,"menu_order":0,"comment_status":"closed","ping_status":"closed","template":"template-100.php","meta":{"_acf_changed":false,"footnotes":""},"class_list":["post-532","page","type-page","status-publish","has-post-thumbnail","hentry"],"acf":[],"aioseo_notices":[],"_links":{"self":[{"href":"https:\/\/staging.hotelpremieresnations.ca\/en\/wp-json\/wp\/v2\/pages\/532","targetHints":{"allow":["GET"]}}],"collection":[{"href":"https:\/\/staging.hotelpremieresnations.ca\/en\/wp-json\/wp\/v2\/pages"}],"about":[{"href":"https:\/\/staging.hotelpremieresnations.ca\/en\/wp-json\/wp\/v2\/types\/page"}],"author":[{"embeddable":true,"href":"https:\/\/staging.hotelpremieresnations.ca\/en\/wp-json\/wp\/v2\/users\/1"}],"replies":[{"embeddable":true,"href":"https:\/\/staging.hotelpremieresnations.ca\/en\/wp-json\/wp\/v2\/comments?post=532"}],"version-history":[{"count":18,"href":"https:\/\/staging.hotelpremieresnations.ca\/en\/wp-json\/wp\/v2\/pages\/532\/revisions"}],"predecessor-version":[{"id":1343,"href":"https:\/\/staging.hotelpremieresnations.ca\/en\/wp-json\/wp\/v2\/pages\/532\/revisions\/1343"}],"up":[{"embeddable":true,"href":"https:\/\/staging.hotelpremieresnations.ca\/en\/wp-json\/wp\/v2\/pages\/484"}],"wp:featuredmedia":[{"embeddable":true,"href":"https:\/\/staging.hotelpremieresnations.ca\/en\/wp-json\/wp\/v2\/media\/765"}],"wp:attachment":[{"href":"https:\/\/staging.hotelpremieresnations.ca\/en\/wp-json\/wp\/v2\/media?parent=532"}],"curies":[{"name":"wp","href":"https:\/\/api.w.org\/{rel}","templated":true}]}}